{"id":34,"date":"2024-04-09T15:32:11","date_gmt":"2024-04-09T18:32:11","guid":{"rendered":"https:\/\/jmccomex.com.br\/jmc\/?page_id=34"},"modified":"2024-04-29T06:57:11","modified_gmt":"2024-04-29T09:57:11","slug":"ceragon","status":"publish","type":"page","link":"https:\/\/jmccomex.com.br\/jmc\/ceragon\/","title":{"rendered":"CERAGON"},"content":{"rendered":"\t\t<div data-elementor-type=\"wp-page\" data-elementor-id=\"34\" class=\"elementor elementor-34\" data-elementor-post-type=\"page\">\n\t\t\t\t<div class=\"elementor-element elementor-element-4548d06 e-flex e-con-boxed e-con e-parent\" data-id=\"4548d06\" data-element_type=\"container\" data-settings=\"{&quot;background_background&quot;:&quot;classic&quot;,&quot;_ha_eqh_enable&quot;:false}\" data-core-v316-plus=\"true\">\n\t\t\t\t\t<div class=\"e-con-inner\">\n\t\t\t\t<div class=\"elementor-element elementor-element-3487b13 elementor-widget elementor-widget-image\" data-id=\"3487b13\" data-element_type=\"widget\" data-widget_type=\"image.default\">\n\t\t\t\t<div class=\"elementor-widget-container\">\n\t\t\t<style>\/*! elementor - v3.20.0 - 20-03-2024 *\/\n.elementor-widget-image{text-align:center}.elementor-widget-image a{display:inline-block}.elementor-widget-image a img[src$=\".svg\"]{width:48px}.elementor-widget-image img{vertical-align:middle;display:inline-block}<\/style>\t\t\t\t\t\t\t\t\t\t<img decoding=\"async\" width=\"56\" height=\"512\" src=\"https:\/\/jmccomex.com.br\/jmc\/wp-content\/uploads\/2024\/04\/png-barra.png\" class=\"attachment-large size-large wp-image-1204\" alt=\"\" \/>\t\t\t\t\t\t\t\t\t\t\t\t\t<\/div>\n\t\t\t\t<\/div>\n\t\t\t\t<div class=\"elementor-element elementor-element-81268be elementor-widget elementor-widget-heading\" data-id=\"81268be\" data-element_type=\"widget\" data-widget_type=\"heading.default\">\n\t\t\t\t<div class=\"elementor-widget-container\">\n\t\t\t<style>\/*! elementor - v3.20.0 - 20-03-2024 *\/\n.elementor-heading-title{padding:0;margin:0;line-height:1}.elementor-widget-heading .elementor-heading-title[class*=elementor-size-]>a{color:inherit;font-size:inherit;line-height:inherit}.elementor-widget-heading .elementor-heading-title.elementor-size-small{font-size:15px}.elementor-widget-heading .elementor-heading-title.elementor-size-medium{font-size:19px}.elementor-widget-heading .elementor-heading-title.elementor-size-large{font-size:29px}.elementor-widget-heading .elementor-heading-title.elementor-size-xl{font-size:39px}.elementor-widget-heading .elementor-heading-title.elementor-size-xxl{font-size:59px}<\/style><h2 class=\"elementor-heading-title elementor-size-default\">Ceragon<\/h2>\t\t<\/div>\n\t\t\t\t<\/div>\n\t\t\t\t\t<\/div>\n\t\t\t\t<\/div>\n\t\t<div class=\"elementor-element elementor-element-9a764f6 e-flex e-con-boxed e-con e-parent\" data-id=\"9a764f6\" data-element_type=\"container\" data-settings=\"{&quot;_ha_eqh_enable&quot;:false}\" data-core-v316-plus=\"true\">\n\t\t\t\t\t<div class=\"e-con-inner\">\n\t\t\t\t<div class=\"elementor-element elementor-element-cc6e4a1 elementor-widget elementor-widget-text-editor\" data-id=\"cc6e4a1\" data-element_type=\"widget\" data-widget_type=\"text-editor.default\">\n\t\t\t\t<div class=\"elementor-widget-container\">\n\t\t\t<style>\/*! elementor - v3.20.0 - 20-03-2024 *\/\n.elementor-widget-text-editor.elementor-drop-cap-view-stacked .elementor-drop-cap{background-color:#69727d;color:#fff}.elementor-widget-text-editor.elementor-drop-cap-view-framed .elementor-drop-cap{color:#69727d;border:3px solid;background-color:transparent}.elementor-widget-text-editor:not(.elementor-drop-cap-view-default) .elementor-drop-cap{margin-top:8px}.elementor-widget-text-editor:not(.elementor-drop-cap-view-default) .elementor-drop-cap-letter{width:1em;height:1em}.elementor-widget-text-editor .elementor-drop-cap{float:left;text-align:center;line-height:1;font-size:50px}.elementor-widget-text-editor .elementor-drop-cap-letter{display:inline-block}<\/style>\t\t\t\t<p>Explorando o Universo Ceragon<\/p>\t\t\t\t\t\t<\/div>\n\t\t\t\t<\/div>\n\t\t\t\t<div class=\"elementor-element elementor-element-f473b3f elementor-widget elementor-widget-text-editor\" data-id=\"f473b3f\" data-element_type=\"widget\" data-widget_type=\"text-editor.default\">\n\t\t\t\t<div class=\"elementor-widget-container\">\n\t\t\t\t\t\t\t<p>Descubra a linha completa de produtos Ceragon, desenhados para levar sua comunica\u00e7\u00e3o ao patamar mais alto de desempenho e confiabilidade. Nossa sele\u00e7\u00e3o abrange desde r\u00e1dios de backhaul de alta capacidade at\u00e9 solu\u00e7\u00f5es ponto-a-ponto robustas, todos projetados para impulsionar a efic\u00e1cia e a inova\u00e7\u00e3o em sua infraestrutura de telecomunica\u00e7\u00f5es. Explore cada s\u00e9rie e encontre a tecnologia perfeita para sua necessidade espec\u00edfica.<\/p>\t\t\t\t\t\t<\/div>\n\t\t\t\t<\/div>\n\t\t\t\t\t<\/div>\n\t\t\t\t<\/div>\n\t\t<div class=\"elementor-element elementor-element-4817754 e-grid e-con-boxed e-con e-parent\" data-id=\"4817754\" data-element_type=\"container\" data-settings=\"{&quot;background_background&quot;:&quot;classic&quot;,&quot;_ha_eqh_enable&quot;:false}\" data-core-v316-plus=\"true\">\n\t\t\t\t\t<div class=\"e-con-inner\">\n\t\t<div class=\"elementor-element elementor-element-b5148c1 e-flex e-con-boxed e-con e-child\" data-id=\"b5148c1\" data-element_type=\"container\" data-settings=\"{&quot;background_background&quot;:&quot;classic&quot;,&quot;_ha_eqh_enable&quot;:false}\">\n\t\t\t\t\t<div class=\"e-con-inner\">\n\t\t\t\t<div class=\"elementor-element elementor-element-521612f elementor-position-top elementor-widget elementor-widget-image-box\" data-id=\"521612f\" data-element_type=\"widget\" data-widget_type=\"image-box.default\">\n\t\t\t\t<div class=\"elementor-widget-container\">\n\t\t\t<style>\/*! elementor - v3.20.0 - 20-03-2024 *\/\n.elementor-widget-image-box .elementor-image-box-content{width:100%}@media (min-width:768px){.elementor-widget-image-box.elementor-position-left .elementor-image-box-wrapper,.elementor-widget-image-box.elementor-position-right .elementor-image-box-wrapper{display:flex}.elementor-widget-image-box.elementor-position-right .elementor-image-box-wrapper{text-align:right;flex-direction:row-reverse}.elementor-widget-image-box.elementor-position-left .elementor-image-box-wrapper{text-align:left;flex-direction:row}.elementor-widget-image-box.elementor-position-top .elementor-image-box-img{margin:auto}.elementor-widget-image-box.elementor-vertical-align-top .elementor-image-box-wrapper{align-items:flex-start}.elementor-widget-image-box.elementor-vertical-align-middle .elementor-image-box-wrapper{align-items:center}.elementor-widget-image-box.elementor-vertical-align-bottom .elementor-image-box-wrapper{align-items:flex-end}}@media (max-width:767px){.elementor-widget-image-box .elementor-image-box-img{margin-left:auto!important;margin-right:auto!important;margin-bottom:15px}}.elementor-widget-image-box .elementor-image-box-img{display:inline-block}.elementor-widget-image-box .elementor-image-box-title a{color:inherit}.elementor-widget-image-box .elementor-image-box-wrapper{text-align:center}.elementor-widget-image-box .elementor-image-box-description{margin:0}<\/style><div class=\"elementor-image-box-wrapper\"><figure class=\"elementor-image-box-img\"><img fetchpriority=\"high\" decoding=\"async\" width=\"600\" height=\"150\" src=\"https:\/\/jmccomex.com.br\/jmc\/wp-content\/uploads\/2024\/04\/IP-20N_A_multicore-1.png\" class=\"attachment-full size-full wp-image-321\" alt=\"\" srcset=\"https:\/\/jmccomex.com.br\/jmc\/wp-content\/uploads\/2024\/04\/IP-20N_A_multicore-1.png 600w, https:\/\/jmccomex.com.br\/jmc\/wp-content\/uploads\/2024\/04\/IP-20N_A_multicore-1-300x75.png 300w\" sizes=\"(max-width: 600px) 100vw, 600px\" \/><\/figure><div class=\"elementor-image-box-content\"><h3 class=\"elementor-image-box-title\">IP-20N<\/h3><p class=\"elementor-image-box-description\">Amplie sua rede com facilidade e efici\u00eancia. Este dispositivo leva a agrega\u00e7\u00e3o de rede a outro n\u00edvel, suportando m\u00faltiplas interfaces para maximizar a conectividade e desempenho. Perfeito para empresas que buscam escalabilidade e confiabilidade.<\/p><\/div><\/div>\t\t<\/div>\n\t\t\t\t<\/div>\n\t\t\t\t<div class=\"elementor-element elementor-element-acbc869 elementor-align-center elementor-mobile-align-justify elementor-widget-mobile__width-inherit elementor-widget elementor-widget-button\" data-id=\"acbc869\" data-element_type=\"widget\" data-widget_type=\"button.default\">\n\t\t\t\t<div class=\"elementor-widget-container\">\n\t\t\t\t\t<div class=\"elementor-button-wrapper\">\n\t\t\t<a class=\"elementor-button elementor-button-link elementor-size-sm elementor-animation-grow\" href=\"https:\/\/jmccomex.com.br\/jmc\/ip-20n\">\n\t\t\t\t\t\t<span class=\"elementor-button-content-wrapper\">\n\t\t\t\t\t\t<span class=\"elementor-button-text\">Quero Saber Mais<\/span>\n\t\t<\/span>\n\t\t\t\t\t<\/a>\n\t\t<\/div>\n\t\t\t\t<\/div>\n\t\t\t\t<\/div>\n\t\t\t\t\t<\/div>\n\t\t\t\t<\/div>\n\t\t<div class=\"elementor-element elementor-element-3084d88 e-flex e-con-boxed e-con e-child\" data-id=\"3084d88\" data-element_type=\"container\" data-settings=\"{&quot;background_background&quot;:&quot;classic&quot;,&quot;_ha_eqh_enable&quot;:false}\">\n\t\t\t\t\t<div class=\"e-con-inner\">\n\t\t\t\t<div class=\"elementor-element elementor-element-4fa48f4 elementor-position-top elementor-widget elementor-widget-image-box\" data-id=\"4fa48f4\" data-element_type=\"widget\" data-widget_type=\"image-box.default\">\n\t\t\t\t<div class=\"elementor-widget-container\">\n\t\t\t<div class=\"elementor-image-box-wrapper\"><figure class=\"elementor-image-box-img\"><img decoding=\"async\" width=\"184\" height=\"200\" src=\"https:\/\/jmccomex.com.br\/jmc\/wp-content\/uploads\/2024\/04\/20c.webp\" class=\"attachment-full size-full wp-image-323\" alt=\"\" \/><\/figure><div class=\"elementor-image-box-content\"><h3 class=\"elementor-image-box-title\">IP-20S<\/h3><p class=\"elementor-image-box-description\">Fortale\u00e7a suas opera\u00e7\u00f5es cr\u00edticas com uma solu\u00e7\u00e3o resistente e eficaz. Projetado para ambientes desafiadores, oferece conectividade segura e r\u00e1pida, ideal para manter sua empresa sempre online e em pleno funcionamento.<\/p><\/div><\/div>\t\t<\/div>\n\t\t\t\t<\/div>\n\t\t\t\t<div class=\"elementor-element elementor-element-e872af2 elementor-align-center elementor-mobile-align-justify elementor-widget-mobile__width-inherit elementor-widget elementor-widget-button\" data-id=\"e872af2\" data-element_type=\"widget\" data-widget_type=\"button.default\">\n\t\t\t\t<div class=\"elementor-widget-container\">\n\t\t\t\t\t<div class=\"elementor-button-wrapper\">\n\t\t\t<a class=\"elementor-button elementor-button-link elementor-size-sm elementor-animation-grow\" href=\"https:\/\/jmccomex.com.br\/jmc\/ip-20s\/\">\n\t\t\t\t\t\t<span class=\"elementor-button-content-wrapper\">\n\t\t\t\t\t\t<span class=\"elementor-button-text\">Quero Saber Mais<\/span>\n\t\t<\/span>\n\t\t\t\t\t<\/a>\n\t\t<\/div>\n\t\t\t\t<\/div>\n\t\t\t\t<\/div>\n\t\t\t\t\t<\/div>\n\t\t\t\t<\/div>\n\t\t<div class=\"elementor-element elementor-element-c25be19 e-flex e-con-boxed e-con e-child\" data-id=\"c25be19\" data-element_type=\"container\" data-settings=\"{&quot;background_background&quot;:&quot;classic&quot;,&quot;_ha_eqh_enable&quot;:false}\">\n\t\t\t\t\t<div class=\"e-con-inner\">\n\t\t\t\t<div class=\"elementor-element elementor-element-095afc5 elementor-position-top elementor-widget elementor-widget-image-box\" data-id=\"095afc5\" data-element_type=\"widget\" data-widget_type=\"image-box.default\">\n\t\t\t\t<div class=\"elementor-widget-container\">\n\t\t\t<div class=\"elementor-image-box-wrapper\"><figure class=\"elementor-image-box-img\"><img loading=\"lazy\" decoding=\"async\" width=\"291\" height=\"379\" src=\"https:\/\/jmccomex.com.br\/jmc\/wp-content\/uploads\/2024\/04\/2new-1.png\" class=\"attachment-full size-full wp-image-324\" alt=\"\" srcset=\"https:\/\/jmccomex.com.br\/jmc\/wp-content\/uploads\/2024\/04\/2new-1.png 291w, https:\/\/jmccomex.com.br\/jmc\/wp-content\/uploads\/2024\/04\/2new-1-230x300.png 230w\" sizes=\"(max-width: 291px) 100vw, 291px\" \/><\/figure><div class=\"elementor-image-box-content\"><h3 class=\"elementor-image-box-title\">IP-50C<\/h3><p class=\"elementor-image-box-description\">Transforme seu backhaul com um sistema que promete velocidade e adaptabilidade. Com capacidade de at\u00e9 8 Gbps, adapta-se \u00e0s suas necessidades espec\u00edficas, garantindo uma transmiss\u00e3o de dados r\u00e1pida e segura para a era digital.<\/p><\/div><\/div>\t\t<\/div>\n\t\t\t\t<\/div>\n\t\t\t\t<div class=\"elementor-element elementor-element-09d6318 elementor-align-center elementor-mobile-align-justify elementor-widget-mobile__width-inherit elementor-widget elementor-widget-button\" data-id=\"09d6318\" data-element_type=\"widget\" data-widget_type=\"button.default\">\n\t\t\t\t<div class=\"elementor-widget-container\">\n\t\t\t\t\t<div class=\"elementor-button-wrapper\">\n\t\t\t<a class=\"elementor-button elementor-button-link elementor-size-sm elementor-animation-grow\" href=\"https:\/\/jmccomex.com.br\/jmc\/ip-50c\">\n\t\t\t\t\t\t<span class=\"elementor-button-content-wrapper\">\n\t\t\t\t\t\t<span class=\"elementor-button-text\">Quero Saber Mais<\/span>\n\t\t<\/span>\n\t\t\t\t\t<\/a>\n\t\t<\/div>\n\t\t\t\t<\/div>\n\t\t\t\t<\/div>\n\t\t\t\t\t<\/div>\n\t\t\t\t<\/div>\n\t\t<div class=\"elementor-element elementor-element-2ba1059 e-flex e-con-boxed e-con e-child\" data-id=\"2ba1059\" data-element_type=\"container\" data-settings=\"{&quot;background_background&quot;:&quot;classic&quot;,&quot;_ha_eqh_enable&quot;:false}\">\n\t\t\t\t\t<div class=\"e-con-inner\">\n\t\t\t\t<div class=\"elementor-element elementor-element-3a5213f elementor-position-top elementor-widget elementor-widget-image-box\" data-id=\"3a5213f\" data-element_type=\"widget\" data-widget_type=\"image-box.default\">\n\t\t\t\t<div class=\"elementor-widget-container\">\n\t\t\t<div class=\"elementor-image-box-wrapper\"><figure class=\"elementor-image-box-img\"><img loading=\"lazy\" decoding=\"async\" width=\"291\" height=\"379\" src=\"https:\/\/jmccomex.com.br\/jmc\/wp-content\/uploads\/2024\/04\/1new-1.png\" class=\"attachment-full size-full wp-image-325\" alt=\"\" srcset=\"https:\/\/jmccomex.com.br\/jmc\/wp-content\/uploads\/2024\/04\/1new-1.png 291w, https:\/\/jmccomex.com.br\/jmc\/wp-content\/uploads\/2024\/04\/1new-1-230x300.png 230w\" sizes=\"(max-width: 291px) 100vw, 291px\" \/><\/figure><div class=\"elementor-image-box-content\"><h3 class=\"elementor-image-box-title\">IP-50E<\/h3><p class=\"elementor-image-box-description\">Alcance novos patamares de conectividade com este poderoso equipamento. Oferecendo at\u00e9 20 Gbps, \u00e9 a solu\u00e7\u00e3o definitiva para backhaul de alta capacidade, combinando a velocidade da fibra com a flexibilidade do wireless.<\/p><\/div><\/div>\t\t<\/div>\n\t\t\t\t<\/div>\n\t\t\t\t<div class=\"elementor-element elementor-element-dc1b8b9 elementor-align-center elementor-mobile-align-justify elementor-widget-mobile__width-inherit elementor-widget elementor-widget-button\" data-id=\"dc1b8b9\" data-element_type=\"widget\" data-widget_type=\"button.default\">\n\t\t\t\t<div class=\"elementor-widget-container\">\n\t\t\t\t\t<div class=\"elementor-button-wrapper\">\n\t\t\t<a class=\"elementor-button elementor-button-link elementor-size-sm elementor-animation-grow\" href=\"https:\/\/jmccomex.com.br\/jmc\/ip-50e\">\n\t\t\t\t\t\t<span class=\"elementor-button-content-wrapper\">\n\t\t\t\t\t\t<span class=\"elementor-button-text\">Quero Saber Mais<\/span>\n\t\t<\/span>\n\t\t\t\t\t<\/a>\n\t\t<\/div>\n\t\t\t\t<\/div>\n\t\t\t\t<\/div>\n\t\t\t\t\t<\/div>\n\t\t\t\t<\/div>\n\t\t\t\t\t<\/div>\n\t\t\t\t<\/div>\n\t\t\t\t<\/div>\n\t\t","protected":false},"excerpt":{"rendered":"<p>Ceragon Explorando o Universo Ceragon Descubra a linha completa de produtos Ceragon, desenhados para levar sua comunica\u00e7\u00e3o ao patamar mais alto de desempenho e confiabilidade. Nossa sele\u00e7\u00e3o abrange desde r\u00e1dios de backhaul de alta capacidade at\u00e9 solu\u00e7\u00f5es ponto-a-ponto robustas, todos projetados para impulsionar a efic\u00e1cia e a inova\u00e7\u00e3o em sua infraestrutura de telecomunica\u00e7\u00f5es. Explore cada [&hellip;]<\/p>\n","protected":false},"author":1,"featured_media":0,"parent":0,"menu_order":0,"comment_status":"closed","ping_status":"closed","template":"elementor_header_footer","meta":{"footnotes":""},"_links":{"self":[{"href":"https:\/\/jmccomex.com.br\/jmc\/wp-json\/wp\/v2\/pages\/34"}],"collection":[{"href":"https:\/\/jmccomex.com.br\/jmc\/wp-json\/wp\/v2\/pages"}],"about":[{"href":"https:\/\/jmccomex.com.br\/jmc\/wp-json\/wp\/v2\/types\/page"}],"author":[{"embeddable":true,"href":"https:\/\/jmccomex.com.br\/jmc\/wp-json\/wp\/v2\/users\/1"}],"replies":[{"embeddable":true,"href":"https:\/\/jmccomex.com.br\/jmc\/wp-json\/wp\/v2\/comments?post=34"}],"version-history":[{"count":0,"href":"https:\/\/jmccomex.com.br\/jmc\/wp-json\/wp\/v2\/pages\/34\/revisions"}],"wp:attachment":[{"href":"https:\/\/jmccomex.com.br\/jmc\/wp-json\/wp\/v2\/media?parent=34"}],"curies":[{"name":"wp","href":"https:\/\/api.w.org\/{rel}","templated":true}]}}